{"id":924,"date":"2026-01-12T10:45:01","date_gmt":"2026-01-12T10:45:01","guid":{"rendered":"https:\/\/dynutrition.md\/?post_type=product&#038;p=924"},"modified":"2026-01-24T18:23:36","modified_gmt":"2026-01-24T18:23:36","slug":"shaker-dorians-legacy-500ml","status":"publish","type":"product","link":"https:\/\/dynutrition.md\/?product=shaker-dorians-legacy-500ml","title":{"rendered":"Shaker &#8211; Dorian&#8217;s Legacy 500ml"},"content":{"rendered":"<p>Blood &amp; Guts The Mind &amp; Body pre-workout este un supliment recomandat persoanelor active, \u00een special celor care practic\u0103 sesiuni de antrenament de for\u021b\u0103, cu intensitate mare \u0219i volum ridicat.<\/p>\n<p>Creat \u00een baza experien\u021bei de peste 40 de ani \u00een domeniul fitness-ului \u0219i numit dup\u0103 stilul de antrenament intens al lui Dorian Yates, 6x Mr. Olympia, Blood &amp; Guts este un pre-workout puternic creat s\u0103 sprijine pe oricine \u00ee\u0219i dore\u0219te s\u0103-\u0219i dep\u0103\u0219easc\u0103 limitele \u0219i s\u0103-\u0219i duc\u0103 antrenamentele la urm\u0103torul nivel.<\/p>\n","protected":false},"excerpt":{"rendered":"<ul>\n<li>Formul\u0103 puternic\u0103 pentru antrenamente intense<\/li>\n<li>Efect instant, la fel de intens dup\u0103 fiecare servire<\/li>\n<li>Contribuie la cre\u0219terea energiei \u0219i rezisten\u021bei<\/li>\n<\/ul>\n<p><strong>BENEFICII CHEIE<\/strong><\/p>\n<ul>\n<li>Simplu de utilizat;<\/li>\n<li>Sit\u0103 special\u0103 pentru mixare perfect\u0103;<\/li>\n<li>Capac neata\u0219at;<\/li>\n<li>Deschidere larg\u0103 a cupei;<\/li>\n<li>Sistem anti picurare;<\/li>\n<li>U\u0219or de cur\u0103\u021bat.<\/li>\n<\/ul>\n<p><strong>SPECIFICA\u021aII<\/strong><\/p>\n<ul>\n<li>Cantitate: 500ml<\/li>\n<li>Dimensiuni: 200x90mm<\/li>\n<li>Material: Polipropilena<\/li>\n<\/ul>\n","protected":false},"featured_media":930,"comment_status":"open","ping_status":"closed","template":"","meta":[],"product_brand":[],"product_cat":[21,34],"product_tag":[],"class_list":{"0":"post-924","1":"product","2":"type-product","3":"status-publish","4":"has-post-thumbnail","6":"product_cat-echipamente","7":"product_cat-shakere","9":"first","10":"instock","11":"shipping-taxable","12":"purchasable","13":"product-type-simple"},"_links":{"self":[{"href":"https:\/\/dynutrition.md\/index.php?rest_route=\/wp\/v2\/product\/924","targetHints":{"allow":["GET"]}}],"collection":[{"href":"https:\/\/dynutrition.md\/index.php?rest_route=\/wp\/v2\/product"}],"about":[{"href":"https:\/\/dynutrition.md\/index.php?rest_route=\/wp\/v2\/types\/product"}],"replies":[{"embeddable":true,"href":"https:\/\/dynutrition.md\/index.php?rest_route=%2Fwp%2Fv2%2Fcomments&post=924"}],"version-history":[{"count":1,"href":"https:\/\/dynutrition.md\/index.php?rest_route=\/wp\/v2\/product\/924\/revisions"}],"predecessor-version":[{"id":931,"href":"https:\/\/dynutrition.md\/index.php?rest_route=\/wp\/v2\/product\/924\/revisions\/931"}],"wp:featuredmedia":[{"embeddable":true,"href":"https:\/\/dynutrition.md\/index.php?rest_route=\/wp\/v2\/media\/930"}],"wp:attachment":[{"href":"https:\/\/dynutrition.md\/index.php?rest_route=%2Fwp%2Fv2%2Fmedia&parent=924"}],"wp:term":[{"taxonomy":"product_brand","embeddable":true,"href":"https:\/\/dynutrition.md\/index.php?rest_route=%2Fwp%2Fv2%2Fproduct_brand&post=924"},{"taxonomy":"product_cat","embeddable":true,"href":"https:\/\/dynutrition.md\/index.php?rest_route=%2Fwp%2Fv2%2Fproduct_cat&post=924"},{"taxonomy":"product_tag","embeddable":true,"href":"https:\/\/dynutrition.md\/index.php?rest_route=%2Fwp%2Fv2%2Fproduct_tag&post=924"}],"curies":[{"name":"wp","href":"https:\/\/api.w.org\/{rel}","templated":true}]}}