{"id":804,"date":"2026-01-10T18:29:32","date_gmt":"2026-01-10T18:29:32","guid":{"rendered":"https:\/\/dynutrition.md\/?post_type=product&#038;p=804"},"modified":"2026-01-30T16:46:46","modified_gmt":"2026-01-30T16:46:46","slug":"omega-3-ulei-de-peste-60-de-capsule-moi","status":"publish","type":"product","link":"https:\/\/dynutrition.md\/?product=omega-3-ulei-de-peste-60-de-capsule-moi","title":{"rendered":"Omega-3 ulei de pe\u0219te, 60 de capsule moi"},"content":{"rendered":"<p>Suplimentul alimentar Omega-3 ulei de pe\u0219te ofer\u0103 330 mg EPA \u0219i 220 mg DHA per por\u021bie, contribuind la men\u021binerea s\u0103n\u0103t\u0103\u021bii inimii, func\u021biei cerebrale \u0219i vederii normale.<\/p>\n<p>Acizii gra\u0219i Omega-3 sus\u021bin recuperarea muscular\u0103, reduc inflama\u021bia cauzat\u0103 de antrenamente intense \u0219i sprijin\u0103 mobilitatea articular\u0103. De asemenea, ajut\u0103 la men\u021binerea tensiunii arteriale normale \u0219i a nivelurilor optime de trigliceride, esen\u021biale pentru performan\u021ba sportiv\u0103 \u0219i bun\u0103starea general\u0103. Deoarece organismul nu poate produce EPA \u0219i DHA, suplimentarea cu Omega-3 Ulei de Pe\u0219te este solu\u021bia ideal\u0103 pentru sportivi \u0219i persoanele active, asigur\u00e2nd aportul necesar pentru un stil de via\u021b\u0103 s\u0103n\u0103tos \u0219i echilibrat.<\/p>\n","protected":false},"excerpt":{"rendered":"<ul>\n<li>330mg EPA \u0219i 220mg DHA per por\u021bie<\/li>\n<li>Efect benefic asupra s\u0103n\u0103t\u0103\u021bii creierului \u0219i a vederii<\/li>\n<li>Contribuie la func\u021bionarea normal\u0103 a inimii<\/li>\n<\/ul>\n<p><strong> BENEFICII CHEIE<\/strong><\/p>\n<ul>\n<li>EPA (Acid eicosapentaenoic) sus\u021bine s\u0103n\u0103tatea inimii \u0219i ajut\u0103 la reducerea inflama\u021biei.<\/li>\n<li>DHA (Acid docosahexaenoic) contribuie la func\u021bionarea normal\u0103 a creierului \u0219i la men\u021binerea vederii.<\/li>\n<li>Vitamina E protejeaz\u0103 celulele \u00eempotriva stresului oxidativ, sprijinind s\u0103n\u0103tatea cardiovascular\u0103 \u0219i sistemul imunitar.<\/li>\n<\/ul>\n<p><strong>RECOMAND\u0102RI<\/strong><\/p>\n<p><strong>Ingrediente:\u00a0<\/strong>Ulei de pe\u0219te (standardizat la 33% EPA \u0219i 22% DHA), \u00eenveli\u0219 al capsulei [gelatin\u0103, humectant (glicerol), ap\u0103 purificat\u0103], DL-alfa-tocoferol.<br \/>\nInforma\u021bii despre alergeni: Pentru alergeni, consulta\u021bi ingredientele scrise cu litere \u00eengro\u0219ate. Fabricat \u00eentr-o unitate care utilizeaz\u0103 lapte, soia, ou\u0103 \u0219i nuci.<\/p>\n<p><strong>Instruc\u021biuni de utilizare:<\/strong>\u00a0Lua\u021bi 1 capsul\u0103 pe zi cu mult\u0103 ap\u0103.<\/p>\n<p><strong>Aten\u021bion\u0103ri:<\/strong>\u00a0Suplimentele alimentare nu \u00eenlocuiesc o diet\u0103 echilibrat\u0103 \u0219i un stil de via\u021b\u0103 s\u0103n\u0103tos. Nu dep\u0103\u0219i\u021bi doza zilnic\u0103 recomandat\u0103! Nu utiliza\u021bi dac\u0103 sunte\u021bi alergic la vreunul dintre ingredientele suplimentului. Consulta\u021bi medicul \u00eenainte de utilizare. Nu este recomandat persoanelor care urmeaz\u0103 tratamente medicamentoase.<br \/>\n<strong><br \/>\nCondi\u021bii de depozitare:<\/strong>\u00a0A nu se p\u0103stra la \u00eendem\u00e2na copiilor. Depozita\u021bi recipientul bine \u00eenchis, \u00eentre 5-30\u00b0C. A se p\u0103stra departe de c\u0103ldur\u0103 direct\u0103, umiditate \u0219i lumin\u0103 solar\u0103. Dup\u0103 deschidere, nu depozita\u021bi produsul mai mult de 6 luni.<\/p>\n<p><strong>INGREDIENTE<\/strong><\/p>\n<p>Ulei de pe\u0219te (standardizat la 33% EPA \u0219i 22% DHA), \u00eenveli\u0219 al capsulei [gelatin\u0103, humectant (glicerol), ap\u0103 purificat\u0103], DL-alfa-tocoferol.<\/p>\n","protected":false},"featured_media":805,"comment_status":"open","ping_status":"closed","template":"","meta":[],"product_brand":[],"product_cat":[22,40,20,28],"product_tag":[],"class_list":{"0":"post-804","1":"product","2":"type-product","3":"status-publish","4":"has-post-thumbnail","6":"product_cat-obiectiv","7":"product_cat-prevenirea-accidentarilor","8":"product_cat-suplimente","9":"product_cat-vitamine-si-minerale","11":"first","12":"instock","13":"shipping-taxable","14":"purchasable","15":"product-type-simple"},"_links":{"self":[{"href":"https:\/\/dynutrition.md\/index.php?rest_route=\/wp\/v2\/product\/804","targetHints":{"allow":["GET"]}}],"collection":[{"href":"https:\/\/dynutrition.md\/index.php?rest_route=\/wp\/v2\/product"}],"about":[{"href":"https:\/\/dynutrition.md\/index.php?rest_route=\/wp\/v2\/types\/product"}],"replies":[{"embeddable":true,"href":"https:\/\/dynutrition.md\/index.php?rest_route=%2Fwp%2Fv2%2Fcomments&post=804"}],"version-history":[{"count":1,"href":"https:\/\/dynutrition.md\/index.php?rest_route=\/wp\/v2\/product\/804\/revisions"}],"predecessor-version":[{"id":810,"href":"https:\/\/dynutrition.md\/index.php?rest_route=\/wp\/v2\/product\/804\/revisions\/810"}],"wp:featuredmedia":[{"embeddable":true,"href":"https:\/\/dynutrition.md\/index.php?rest_route=\/wp\/v2\/media\/805"}],"wp:attachment":[{"href":"https:\/\/dynutrition.md\/index.php?rest_route=%2Fwp%2Fv2%2Fmedia&parent=804"}],"wp:term":[{"taxonomy":"product_brand","embeddable":true,"href":"https:\/\/dynutrition.md\/index.php?rest_route=%2Fwp%2Fv2%2Fproduct_brand&post=804"},{"taxonomy":"product_cat","embeddable":true,"href":"https:\/\/dynutrition.md\/index.php?rest_route=%2Fwp%2Fv2%2Fproduct_cat&post=804"},{"taxonomy":"product_tag","embeddable":true,"href":"https:\/\/dynutrition.md\/index.php?rest_route=%2Fwp%2Fv2%2Fproduct_tag&post=804"}],"curies":[{"name":"wp","href":"https:\/\/api.w.org\/{rel}","templated":true}]}}