{"id":788,"date":"2026-01-10T18:18:17","date_gmt":"2026-01-10T18:18:17","guid":{"rendered":"https:\/\/dynutrition.md\/?post_type=product&#038;p=788"},"modified":"2026-01-30T16:43:14","modified_gmt":"2026-01-30T16:43:14","slug":"ca-mg-zn-90-de-tablete-30-de-serviri","status":"publish","type":"product","link":"https:\/\/dynutrition.md\/?product=ca-mg-zn-90-de-tablete-30-de-serviri","title":{"rendered":"Ca-Mg-Zn, 90 de tablete, 30 de serviri"},"content":{"rendered":"<p>Acest supliment esen\u021bial con\u021bine un amestec optim de minerale, inclusiv magneziu, zinc \u0219i calciu, al\u0103turi de fosfor, cupru, bor \u0219i L-glutamin\u0103, pentru un efect sinergic maxim. Contribuie la func\u021bionarea normal\u0103 a mu\u0219chilor, sistemului imunitar \u0219i sus\u021bine s\u0103n\u0103tatea oaselor, articula\u021biilor \u0219i din\u021bilor. De asemenea, ajut\u0103 la reducerea oboselii \u0219i cre\u0219terea nivelului de energie, fiind un aliat de \u00eencredere pentru sportivi \u0219i pentru persoanele cu un stil de via\u021b\u0103 activ.<\/p>\n","protected":false},"excerpt":{"rendered":"<ul>\n<li>Sus\u021bine s\u0103n\u0103tatea oaselor, articula\u021biilor \u0219i din\u021bilor<\/li>\n<li>\u00cembun\u0103t\u0103\u021be\u0219te func\u021bionarea mu\u0219chilor \u0219i sistemului unitar<\/li>\n<li>Reduce oboseala \u0219i cre\u0219te nivelul de energie<\/li>\n<\/ul>\n<p><strong>BENEFICII CHEIE<\/strong><\/p>\n<ul>\n<li>Magneziul contribuie la func\u021bionarea normal\u0103 a mu\u0219chilor \u0219i a sistemului nervos, ajut\u00e2nd la reducerea oboselii \u0219i a epuiz\u0103rii.<\/li>\n<li>Zincul sprijin\u0103 sistemul imunitar \u0219i protejeaz\u0103 celulele de stresul oxidativ, av\u00e2nd un rol esen\u021bial \u00een men\u021binerea s\u0103n\u0103t\u0103\u021bii pielii \u0219i a sistemului reproduc\u0103tor.<\/li>\n<li>Calciul este important pentru men\u021binerea oaselor \u0219i din\u021bilor s\u0103n\u0103to\u0219i \u0219i contribuie la func\u021bionarea normal\u0103 a mu\u0219chilor \u0219i a sistemului nervos.<\/li>\n<li>Fosforul ajut\u0103 la men\u021binerea s\u0103n\u0103t\u0103\u021bii oaselor \u0219i din\u021bilor, fiind implicat \u00een procesul de formare a energiei \u00een celule.<\/li>\n<li>Cuprul are un rol important \u00een men\u021binerea sistemului imunitar, \u00een formarea colagenului \u0219i \u00een transportul fierului \u00een organism.<\/li>\n<li>Borul contribuie la men\u021binerea densit\u0103\u021bii osoase \u0219i sprijin\u0103 func\u021bionarea normal\u0103 a sistemului imunitar.<\/li>\n<li>Vitamina D contribuie la absorb\u021bia normal\u0103 a calciului \u0219i fosforului.<\/li>\n<\/ul>\n<p><strong>RECOMAND\u0102RI<\/strong><\/p>\n<p><strong>Mod de utilizare:<\/strong>\u00a0Ca supliment alimentar lua\u021bi 3 tablete pe zi, c\u00e2te una dup\u0103 fiecare mas\u0103 principal\u0103, cu mult\u0103 ap\u0103 sau alt lichid.<\/p>\n<p><strong>Aten\u021bion\u0103ri:\u00a0<\/strong>Suplimentele alimentare nu \u00eenlocuiesc o diet\u0103 echilibrat\u0103 \u0219i un stil de via\u021b\u0103 s\u0103n\u0103tos. Nu dep\u0103\u0219i\u021bi doza recomandat\u0103!<\/p>\n<p><strong>Condi\u021bii de p\u0103strare:<\/strong>\u00a0A nu se l\u0103sa la \u00eendem\u00e2na copiilor. P\u0103stra\u021bi flaconul bine \u00eenchis, la o temperatur\u0103 \u00eentre 5-30\u00b0c (41-86\u00b0f), ferit de c\u0103ldur\u0103 direct\u0103, umiditate \u0219i razele soarelui. Nu depozita\u021bi mai mult de 6 luni dup\u0103 deschidere.<\/p>\n<p>&nbsp;<\/p>\n","protected":false},"featured_media":789,"comment_status":"open","ping_status":"closed","template":"","meta":[],"product_brand":[],"product_cat":[20,28],"product_tag":[],"class_list":{"0":"post-788","1":"product","2":"type-product","3":"status-publish","4":"has-post-thumbnail","6":"product_cat-suplimente","7":"product_cat-vitamine-si-minerale","9":"first","10":"instock","11":"shipping-taxable","12":"purchasable","13":"product-type-simple"},"_links":{"self":[{"href":"https:\/\/dynutrition.md\/index.php?rest_route=\/wp\/v2\/product\/788","targetHints":{"allow":["GET"]}}],"collection":[{"href":"https:\/\/dynutrition.md\/index.php?rest_route=\/wp\/v2\/product"}],"about":[{"href":"https:\/\/dynutrition.md\/index.php?rest_route=\/wp\/v2\/types\/product"}],"replies":[{"embeddable":true,"href":"https:\/\/dynutrition.md\/index.php?rest_route=%2Fwp%2Fv2%2Fcomments&post=788"}],"version-history":[{"count":1,"href":"https:\/\/dynutrition.md\/index.php?rest_route=\/wp\/v2\/product\/788\/revisions"}],"predecessor-version":[{"id":794,"href":"https:\/\/dynutrition.md\/index.php?rest_route=\/wp\/v2\/product\/788\/revisions\/794"}],"wp:featuredmedia":[{"embeddable":true,"href":"https:\/\/dynutrition.md\/index.php?rest_route=\/wp\/v2\/media\/789"}],"wp:attachment":[{"href":"https:\/\/dynutrition.md\/index.php?rest_route=%2Fwp%2Fv2%2Fmedia&parent=788"}],"wp:term":[{"taxonomy":"product_brand","embeddable":true,"href":"https:\/\/dynutrition.md\/index.php?rest_route=%2Fwp%2Fv2%2Fproduct_brand&post=788"},{"taxonomy":"product_cat","embeddable":true,"href":"https:\/\/dynutrition.md\/index.php?rest_route=%2Fwp%2Fv2%2Fproduct_cat&post=788"},{"taxonomy":"product_tag","embeddable":true,"href":"https:\/\/dynutrition.md\/index.php?rest_route=%2Fwp%2Fv2%2Fproduct_tag&post=788"}],"curies":[{"name":"wp","href":"https:\/\/api.w.org\/{rel}","templated":true}]}}