{"id":730,"date":"2026-01-10T17:27:14","date_gmt":"2026-01-10T17:27:14","guid":{"rendered":"https:\/\/dynutrition.md\/?post_type=product&#038;p=730"},"modified":"2026-01-30T17:04:51","modified_gmt":"2026-01-30T17:04:51","slug":"colagen-lichid-500ml-20-de-serviri","status":"publish","type":"product","link":"https:\/\/dynutrition.md\/?product=colagen-lichid-500ml-20-de-serviri","title":{"rendered":"Colagen lichid, 500ml, 20 de serviri"},"content":{"rendered":"<p>Colagenul lichid cu vitamina C \u0219i acid hialuronic este o formul\u0103 avansat\u0103, destinat\u0103 sportivilor \u0219i persoanelor active, care sprijin\u0103 s\u0103n\u0103tatea articula\u021biilor, \u021besuturilor conjunctive \u0219i pielii. Colagenul hidrolizat de calitate, vitamina C, B6 \u0219i acidul hialuronic contribuie la recuperarea rapid\u0103 dup\u0103 antrenamente intense, dezvoltarea masei musculare \u0219i \u00eembun\u0103t\u0103\u021birea elasticit\u0103\u021bii pielii.<\/p>\n<p>Av\u00e2nd o absorb\u021bie rapid\u0103 \u0219i un gust pl\u0103cut, acest supliment optimizeaz\u0103 regenerarea articula\u021biilor \u0219i \u021besuturilor, iar mineralele esen\u021biale sus\u021bin func\u021bionarea optim\u0103 a sistemului imunitar. Ideal pentru un stil de via\u021b\u0103 activ \u0219i s\u0103n\u0103tos.<\/p>\n<p>Ingrediente<\/p>\n<div class=\"modal-header flex items-center\">\n<div class=\"h5\">Liquid Collagen<\/div>\n<\/div>\n<div class=\"modal-body overflow-y-auto\">\n<div class=\"prose \">\n<p><strong>Liquid Collagen<\/strong><\/p>\n<p>Ap\u0103 mineral\u0103 Mohai, Colagen (din carne de vit\u0103), Acid (acid citric), Glicin\u0103, L-Arginin\u0103, Acid hialuronic, Acid L-ascorbic, Arome, conservan\u021bi (sorbat de potasiu, benzoat de sodiu), \u00eendulcitori (Acesulfam-K, Sucraloza), clorhidrat de piridoxin\u0103.<\/p>\n<table width=\"683\">\n<thead>\n<tr>\n<td><strong>Con\u021binut<\/strong><\/td>\n<td><strong>PER 100ml<\/strong><\/td>\n<td width=\"307\"><strong>PER SERVIRE (25ml)<\/strong><\/td>\n<\/tr>\n<\/thead>\n<tbody>\n<tr>\n<td>Vitamina B6<\/td>\n<td>0,82mg<\/td>\n<td width=\"307\">0,21mg (12%NRV*)<\/td>\n<\/tr>\n<tr>\n<td>Vitamina C<\/td>\n<td>310mg<\/td>\n<td width=\"307\">77,5mg (96% NRV*)<\/td>\n<\/tr>\n<tr>\n<td>Colagen<\/td>\n<td>11554mg<\/td>\n<td width=\"307\">2888mg<\/td>\n<\/tr>\n<tr>\n<td>Acid Hialuronic<\/td>\n<td>380mg<\/td>\n<td width=\"307\">95mg<\/td>\n<\/tr>\n<tr>\n<td>Glicin\u0103<\/td>\n<td>1917mg<\/td>\n<td width=\"307\">479mg<\/td>\n<\/tr>\n<tr>\n<td>L-Arginin\u0103<\/td>\n<td>1145mg<\/td>\n<td width=\"307\">286mg<\/td>\n<\/tr>\n<tr>\n<td>-Sodiu<\/td>\n<td>1,14mg<\/td>\n<td width=\"307\">0,29mg<\/td>\n<\/tr>\n<tr>\n<td>-Potasiu<\/td>\n<td>0,45mg<\/td>\n<td width=\"307\">0,11mg<\/td>\n<\/tr>\n<tr>\n<td>-Calciu<\/td>\n<td>17,28mg<\/td>\n<td width=\"307\">4,32mg<\/td>\n<\/tr>\n<tr>\n<td>-Magneziu<\/td>\n<td>2,80mg<\/td>\n<td width=\"307\">0,70mg<\/td>\n<\/tr>\n<tr>\n<td>-Fier<\/td>\n<td>0,19mg<\/td>\n<td width=\"307\">0,05mg<\/td>\n<\/tr>\n<\/tbody>\n<\/table>\n<p>*NRV: Aportul de referin\u021b\u0103 pentru un adult mediu (8400 KJ \/ 2000<\/p>\n<p>*N\/A: Raportul de referin\u021b\u0103 nu este stabilit<\/p>\n<\/div>\n<\/div>\n","protected":false},"excerpt":{"rendered":"<ul>\n<li>Sus\u021bine s\u0103n\u0103tatea oaselor, articula\u021biilor, vaselor de s\u00e2nge \u0219i a pielii<\/li>\n<li>Reduce oboseala \u0219i epuizarea<\/li>\n<li>Favorizeaz\u0103 dezvoltarea masei musculare \u0219i recuperarea rapid\u0103<\/li>\n<\/ul>\n<p><strong>BENEFICII CHEIE\u00a0<\/strong><\/p>\n<ul>\n<li>Colagenul hidrolizat (din carne de vit\u0103) ajut\u0103 la men\u021binerea s\u0103n\u0103t\u0103\u021bii articula\u021biilor \u0219i \u021besuturilor conjunctive, sus\u021bine regenerarea \u0219i reducerea durerilor articulare. De asemenea, contribuie la \u00eembun\u0103t\u0103\u021birea elasticit\u0103\u021bii \u0219i fermit\u0103\u021bii pielii.<\/li>\n<li>Vitamina C este esen\u021bial\u0103 pentru sinteza colagenului \u00een organism, ajut\u00e2nd la regenerarea \u0219i protejarea \u021besuturilor conjunctive. De asemenea, sus\u021bine func\u021bia imunitar\u0103 normal\u0103 \u0219i protejeaz\u0103 celulele \u00eempotriva stresului oxidativ.<\/li>\n<li>Acidul hialuronic ajut\u0103 la men\u021binerea hidrat\u0103rii pielii \u0219i sus\u021bine s\u0103n\u0103tatea articula\u021biilor prin promovarea lubrifierii acestora, reduc\u00e2nd disconfortul asociat cu mi\u0219c\u0103rile.<\/li>\n<li>Vitamina B6 este important\u0103 pentru metabolismul proteinelor \u0219i al glicogenului, contribuind la recuperarea muscular\u0103 \u0219i la sus\u021binerea sistemului imunitar.<\/li>\n<li>Magneziul sus\u021bine func\u021bionarea normal\u0103 a mu\u0219chilor \u0219i sistemului nervos, contribuind la reducerea oboselii \u0219i sprijinind relaxarea muscular\u0103 post-antrenament.<\/li>\n<\/ul>\n<p><strong>RECOMAND\u0102RI<\/strong><\/p>\n<p><strong>Informa\u021bii despre alergeni:<\/strong>\u00a0Con\u021bine SOIA. Pentru alergeni, consulta\u021bi ingredientele eviden\u021biate cu litere \u00eengro\u0219ate. Fabricat \u00eentr-o unitate care utilizeaz\u0103 lapte, soia, ou \u0219i nuci.<\/p>\n<p><strong>Mod de utilizare:<\/strong>\u00a0Ca supliment alimentar, \u00een zilele de antrenament, lua\u021bi o por\u021bie (25ml) cu 30 de minute \u00eenainte de antrenament. \u00cen zilele f\u0103r\u0103 antrenament, lua\u021bi o por\u021bie (25ml) diminea\u021ba.<\/p>\n<p><strong>Aten\u021bion\u0103ri:\u00a0<\/strong>Suplimentele alimentare nu \u00eenlocuiesc o diet\u0103 echilibrat\u0103 \u0219i un stil de via\u021b\u0103 s\u0103n\u0103tos. Nu dep\u0103\u0219i\u021bi doza zilnic\u0103 recomandat\u0103! Nu utiliza\u021bi dac\u0103 sunte\u021bi alergic la oricare dintre compu\u0219ii suplimentului. Consulta\u021bi medicul \u00eenainte de utilizare. Nu se recomand\u0103 utilizarea de c\u0103tre persoanele care urmeaz\u0103 un tratament medicamentos.<br \/>\nNerecomandat copiilor, femeilor \u00eens\u0103rcinate sau celor care al\u0103pteaz\u0103. \u00cen anumite cazuri, Beta-alanina poate provoca o senza\u021bie inofensiv\u0103 \u0219i temporar\u0103 de furnic\u0103turi la nivelul pielii. Recipientul con\u021bine 1 plic de silica gel pentru absorb\u021bia umidit\u0103\u021bii. A nu se consuma \u0219i a nu se arunca p\u00e2n\u0103 la epuizarea \u00eentregului con\u021binut.<\/p>\n<p><strong><br \/>\nCondi\u021bii de depozitare:<\/strong>\u00a0A nu se l\u0103sa la \u00eendem\u00e2na copiilor. P\u0103stra\u021bi flaconul bine \u00eenchis la temperaturi cuprinse \u00eentre 5-30\u00b0C (41-86\u00b0F). A se p\u0103stra departe de c\u0103ldur\u0103 direct\u0103, umiditate \u0219i lumina soarelui. Dup\u0103 deschidere, nu p\u0103stra\u021bi produsul mai mult de 6 luni.<\/p>\n","protected":false},"featured_media":732,"comment_status":"open","ping_status":"closed","template":"","meta":[],"product_brand":[],"product_cat":[31,22,39,20],"product_tag":[],"class_list":{"0":"post-730","1":"product","2":"type-product","3":"status-publish","4":"has-post-thumbnail","6":"product_cat-colagen","7":"product_cat-obiectiv","8":"product_cat-recuperare","9":"product_cat-suplimente","11":"first","12":"instock","13":"shipping-taxable","14":"purchasable","15":"product-type-simple"},"_links":{"self":[{"href":"https:\/\/dynutrition.md\/index.php?rest_route=\/wp\/v2\/product\/730","targetHints":{"allow":["GET"]}}],"collection":[{"href":"https:\/\/dynutrition.md\/index.php?rest_route=\/wp\/v2\/product"}],"about":[{"href":"https:\/\/dynutrition.md\/index.php?rest_route=\/wp\/v2\/types\/product"}],"replies":[{"embeddable":true,"href":"https:\/\/dynutrition.md\/index.php?rest_route=%2Fwp%2Fv2%2Fcomments&post=730"}],"version-history":[{"count":1,"href":"https:\/\/dynutrition.md\/index.php?rest_route=\/wp\/v2\/product\/730\/revisions"}],"predecessor-version":[{"id":731,"href":"https:\/\/dynutrition.md\/index.php?rest_route=\/wp\/v2\/product\/730\/revisions\/731"}],"wp:featuredmedia":[{"embeddable":true,"href":"https:\/\/dynutrition.md\/index.php?rest_route=\/wp\/v2\/media\/732"}],"wp:attachment":[{"href":"https:\/\/dynutrition.md\/index.php?rest_route=%2Fwp%2Fv2%2Fmedia&parent=730"}],"wp:term":[{"taxonomy":"product_brand","embeddable":true,"href":"https:\/\/dynutrition.md\/index.php?rest_route=%2Fwp%2Fv2%2Fproduct_brand&post=730"},{"taxonomy":"product_cat","embeddable":true,"href":"https:\/\/dynutrition.md\/index.php?rest_route=%2Fwp%2Fv2%2Fproduct_cat&post=730"},{"taxonomy":"product_tag","embeddable":true,"href":"https:\/\/dynutrition.md\/index.php?rest_route=%2Fwp%2Fv2%2Fproduct_tag&post=730"}],"curies":[{"name":"wp","href":"https:\/\/api.w.org\/{rel}","templated":true}]}}