{"id":652,"date":"2026-01-10T14:34:12","date_gmt":"2026-01-10T14:34:12","guid":{"rendered":"https:\/\/dynutrition.md\/?post_type=product&#038;p=652"},"modified":"2026-01-30T16:30:56","modified_gmt":"2026-01-30T16:30:56","slug":"aminoacizi-esentiali-hit-eaa-complex-360g-27-de-serviri","status":"publish","type":"product","link":"https:\/\/dynutrition.md\/?product=aminoacizi-esentiali-hit-eaa-complex-360g-27-de-serviri","title":{"rendered":"Aminoacizi esen\u021biali HIT EAA Complex, 360g"},"content":{"rendered":"<p>HIT EAA este un supliment care ofer\u0103 cei 9 aminoacizi esen\u021biali, inclusiv 2g BCAA \u0219i 1g leucin\u0103 pe por\u021bie, sus\u021bin\u00e2nd cre\u0219terea \u0219i men\u021binerea masei musculare. Aminoacizii sunt vitali nu doar pentru dezvoltarea muscular\u0103, ci \u0219i pentru procese precum neurotransmisia, absorb\u021bia glucozei, sus\u021binerea sistemului imunitar \u0219i nivelul de energie. Vitamina B6 sprijin\u0103 metabolismul energetic \u0219i func\u021bionarea normal\u0103 a sistemului nervos, complet\u00e2nd efectele acestui produs. HIT EAA este un supliment ideal pentru a sus\u021bine progresul \u00een orice program de antrenament \u0219i pentru a \u00eembun\u0103t\u0103\u021bi starea general\u0103 de bine.<\/p>\n<p>Ingrediente<\/p>\n<div class=\"modal-header flex items-center\">\n<div class=\"h5\">HIT EAA<\/div>\n<\/div>\n<div class=\"modal-body overflow-y-auto\">\n<div class=\"prose \">\n<h4><strong>HIT EAA &#8211; Portocale ro\u0219ii<\/strong><\/h4>\n<p>Complex EAA (L-leucin\u0103, L-lizin\u0103, L-treonin\u0103, L-triptofan, L-isoleucin\u0103, L-valin\u0103, L-metionin\u0103, L-fenilalanin\u0103, L-histidin\u0103), agent de \u00eenc\u0103rcare (maltodextrin\u0103), acid (acid citric), arome, \u00eendulcitor (sucraloz\u0103), clorhidrat de piridoxin\u0103, coloran\u021bi (Ponceau 4R, tartrazin\u0103, indigo carmin***). ***Ponceau 4R, tartrazin\u0103 \u0219i indigo carmin pot avea un efect advers asupra activit\u0103\u021bii \u0219i aten\u021biei la copii.<\/p>\n<h4><strong>HIT EAA &#8211; Bubblegum<\/strong><\/h4>\n<p>Complex EAA (L-leucin\u0103, L-lizin\u0103, L-treonin\u0103, L-triptofan, L-isoleucin\u0103, L-valin\u0103, L-metionin\u0103, L-fenilalanin\u0103, L-histidin\u0103), agent de \u00eenc\u0103rcare (maltodextrin\u0103), acid (acid citric), arom\u0103, \u00eendulcitor (sucraloz\u0103), colorant (Ponceau 4R***), clorhidrat de piridoxin\u0103. ***Ponceau 4R poate avea un efect advers asupra activit\u0103\u021bii \u0219i aten\u021biei la copii.<\/p>\n<h4><strong>HIT EAA &#8211; Cola<\/strong><\/h4>\n<p>Complex EAA (L-leucin\u0103, L-lizin\u0103, L-treonin\u0103, L-triptofan, L-isoleucin\u0103, L-valin\u0103, L-metionin\u0103, L-fenilalanin\u0103, L-histidin\u0103), agent de \u00eenc\u0103rcare (maltodextrin\u0103), acid (acid citric), colorant (caramel), arom\u0103, \u00eendulcitor (sucraloz\u0103), clorhidrat de piridoxin\u0103.<\/p>\n<div id=\"shopify-section-template--19394082308437__main\" class=\"shopify-section shopify-section--bordered\">\n<section class=\"Product Product--large new-gallery\" data-section-id=\"template--19394082308437__main\" data-section-type=\"product\" data-section-settings=\"{ &quot;enableHistoryState&quot;: true, &quot;templateSuffix&quot;: &quot;new-gallery&quot;, &quot;showInventoryQuantity&quot;: false, &quot;showSku&quot;: false, &quot;stackProductImages&quot;: false, &quot;showThumbnails&quot;: false, &quot;enableVideoLooping&quot;: false, &quot;inventoryQuantityThreshold&quot;: 0, &quot;showPriceInButton&quot;: false, &quot;enableImageZoom&quot;: true, &quot;showPaymentButton&quot;: false, &quot;useAjaxCart&quot;: true }\">\n<div class=\"Product__Wrapper\">\n<div class=\"product_tabs\">\n<div class=\"tab-container\">\n<div id=\"tab-2\" class=\"tabcontent active\">\n<table width=\"617\">\n<thead>\n<tr>\n<td width=\"206\"><strong>Con\u021binut<\/strong><\/td>\n<td width=\"130\"><strong>PER 100g<\/strong><\/td>\n<td width=\"154\"><strong>PER SERVIRE 13g<\/strong><\/td>\n<\/tr>\n<\/thead>\n<tbody>\n<tr>\n<td width=\"206\">L-Leucin\u0103 (BCAA)<\/td>\n<td width=\"130\">8,45g<\/td>\n<td width=\"154\">1099g<\/td>\n<\/tr>\n<tr>\n<td width=\"206\">L-Isoleucin\u0103 (BCAA)<\/td>\n<td width=\"130\">3,94g<\/td>\n<td width=\"154\">512mg<\/td>\n<\/tr>\n<tr>\n<td width=\"206\">L-Valin\u0103 (BCAA)<\/td>\n<td width=\"130\">3,94g<\/td>\n<td width=\"154\">512mg<\/td>\n<\/tr>\n<tr>\n<td width=\"206\">L-Lizin\u0103<\/td>\n<td width=\"130\">8,45g<\/td>\n<td width=\"154\">1099mg<\/td>\n<\/tr>\n<tr>\n<td width=\"206\">L-Treonin\u0103<\/td>\n<td width=\"130\">7,5g<\/td>\n<td width=\"154\">975mg<\/td>\n<\/tr>\n<tr>\n<td width=\"206\">L-Triptofan<\/td>\n<td width=\"130\">4g<\/td>\n<td width=\"154\">520mg<\/td>\n<\/tr>\n<tr>\n<td width=\"206\">L-Metionin\u0103<\/td>\n<td width=\"130\">3,85g<\/td>\n<td width=\"154\">501mg<\/td>\n<\/tr>\n<tr>\n<td width=\"206\">L-Fenilalanin\u0103<\/td>\n<td width=\"130\">3,44g<\/td>\n<td width=\"154\">447mg<\/td>\n<\/tr>\n<tr>\n<td width=\"206\">L-Histidin\u0103<\/td>\n<td width=\"130\">0,5g<\/td>\n<td width=\"154\">65mg<\/td>\n<\/tr>\n<tr>\n<td width=\"206\">Vitamina B6<\/td>\n<td width=\"130\">9mg<\/td>\n<td width=\"154\">1,2mg<\/td>\n<\/tr>\n<\/tbody>\n<\/table>\n<p>*NRV: Aportul de referin\u021b\u0103 pentru un adult mediu (8400 KJ \/ 2000 kcal).<\/p>\n<p>*N\/A: Raportul de referin\u021b\u0103 nu este stabilit.<\/p>\n<\/div>\n<\/div>\n<\/div>\n<\/div>\n<\/section>\n<\/div>\n<\/div>\n<\/div>\n","protected":false},"excerpt":{"rendered":"<ul>\n<li>Asigur\u0103 func\u021bionarea normal\u0103 a sistemului muscular<\/li>\n<li>Reduce starea de oboseal\u0103 \u0219i senza\u021bia de epuizare<\/li>\n<li>Sus\u021bine un metabolism normal al proteinelor \u0219i glicogenului<\/li>\n<\/ul>\n<p><strong>BENEFICII CHEIE<\/strong><\/p>\n<ul>\n<li>Aminoacizii esen\u021biali (EAA) sunt componente fundamentale ale proteinelor, esen\u021biale pentru cre\u0219terea \u0219i repararea \u021besuturilor, \u00een special a mu\u0219chilor. Ace\u0219tia ajut\u0103 la men\u021binerea masei musculare, la sus\u021binerea performan\u021bei fizice \u0219i la \u00eembun\u0103t\u0103\u021birea recuper\u0103rii post-antrenament. Aminoacizii esen\u021biali contribuie \u0219i la procesul metabolic, inclusiv la producerea de enzime \u0219i hormoni.<\/li>\n<li>BCAA (Aminoacizi cu lan\u021b ramificat) care includ leucin\u0103, izoleucin\u0103 \u0219i valin\u0103, sunt cruciali pentru stimularea sintezei proteinelor musculare \u0219i reducerea degrad\u0103rii acestora \u00een timpul antrenamentelor intense. Leucina, \u00een special, este cunoscut\u0103 pentru sprijinul pe care \u00eel ofer\u0103 \u00een cre\u0219terea masei musculare \u0219i \u00een promovarea recuper\u0103rii. De asemenea, BCAA ajut\u0103 la reducerea oboselii musculare \u0219i a durerii post-antrenament.<\/li>\n<li>L-lizina este un aminoacid esen\u021bial care ajut\u0103 la sinteza proteinelor \u0219i joac\u0103 un rol important \u00een formarea colagenului, esen\u021bial pentru s\u0103n\u0103tatea pielii, oaselor \u0219i \u021besuturilor conjunctive. De asemenea, L-lizina sprijin\u0103 recuperarea muscular\u0103 \u0219i contribuie la men\u021binerea masei musculare. Este important\u0103 \u0219i pentru func\u021biile imunitare \u0219i pentru absorb\u021bia corect\u0103 a calciului.<\/li>\n<li>Vitamina B6 contribuie la metabolismul normal al energiei \u0219i la metabolismul proteinelor \u0219i glicogenului. De asemenea, sus\u021bine func\u021bionarea normal\u0103 a sistemului nervos \u0219i a sistemului imunitar, av\u00e2nd un rol esen\u021bial \u00een recuperare \u0219i prevenirea oboselii.<\/li>\n<\/ul>\n<p><strong>RECOMAND\u0102RI<\/strong><\/p>\n<p><strong>Informa\u021bii despre alergeni:\u00a0<\/strong>Pentru alergeni, consulta\u021bi ingredientele eviden\u021biate cu caractere \u00eengro\u0219ate. Fabricat \u00eentr-o unitate care utilizeaz\u0103 lapte, soia, ou \u0219i nuci.<\/p>\n<p><strong>Mod de utilizare:<\/strong>\u00a0Amesteca\u021bi 2 m\u0103suri de pulbere (13 g) cu 250 ml de ap\u0103 rece \u0219i consuma\u021bi \u00eentre mese \u00een zilele f\u0103r\u0103 antrenament sau \u00eenainte, \u00een timpul sau imediat dup\u0103 antrenament.<br \/>\n<strong><br \/>\nAten\u021bion\u0103ri:\u00a0<\/strong>Suplimentele alimentare nu \u00eenlocuiesc o diet\u0103 echilibrat\u0103 \u0219i un stil de via\u021b\u0103 s\u0103n\u0103tos. Nu dep\u0103\u0219i\u021bi doza zilnic\u0103 recomandat\u0103! Nu utiliza\u021bi dac\u0103 sunte\u021bi alergic la oricare dintre compu\u0219ii suplimentului. Consulta\u021bi medicul \u00eenainte de utilizare. Nu se recomand\u0103 persoanelor care urmeaz\u0103 tratamente medicamentoase. Recipientul con\u021bine 1 plic de silica gel pentru absorb\u021bia umidit\u0103\u021bii. A nu se consuma \u0219i a nu se arunca p\u00e2n\u0103 la epuizarea \u00eentregului con\u021binut.<\/p>\n<p><strong>Condi\u021bii de depozitare:<\/strong>\u00a0A nu se l\u0103sa la \u00eendem\u00e2na copiilor. Depozita\u021bi recipientul bine \u00eenchis la temperaturi cuprinse \u00eentre 5-30\u00b0C. A se feri de c\u0103ldur\u0103 direct\u0103, umiditate \u0219i lumina direct\u0103 a soarelui. Dup\u0103 deschidere, nu p\u0103stra\u021bi produsul mai mult de 6 luni.<\/p>\n","protected":false},"featured_media":653,"comment_status":"open","ping_status":"closed","template":"","meta":[],"product_brand":[],"product_cat":[27,22,38,20],"product_tag":[],"class_list":{"0":"post-652","1":"product","2":"type-product","3":"status-publish","4":"has-post-thumbnail","6":"product_cat-aminoacizi","7":"product_cat-obiectiv","8":"product_cat-scadere-in-greutate","9":"product_cat-suplimente","11":"first","12":"instock","13":"shipping-taxable","14":"purchasable","15":"product-type-simple"},"_links":{"self":[{"href":"https:\/\/dynutrition.md\/index.php?rest_route=\/wp\/v2\/product\/652","targetHints":{"allow":["GET"]}}],"collection":[{"href":"https:\/\/dynutrition.md\/index.php?rest_route=\/wp\/v2\/product"}],"about":[{"href":"https:\/\/dynutrition.md\/index.php?rest_route=\/wp\/v2\/types\/product"}],"replies":[{"embeddable":true,"href":"https:\/\/dynutrition.md\/index.php?rest_route=%2Fwp%2Fv2%2Fcomments&post=652"}],"version-history":[{"count":3,"href":"https:\/\/dynutrition.md\/index.php?rest_route=\/wp\/v2\/product\/652\/revisions"}],"predecessor-version":[{"id":1335,"href":"https:\/\/dynutrition.md\/index.php?rest_route=\/wp\/v2\/product\/652\/revisions\/1335"}],"wp:featuredmedia":[{"embeddable":true,"href":"https:\/\/dynutrition.md\/index.php?rest_route=\/wp\/v2\/media\/653"}],"wp:attachment":[{"href":"https:\/\/dynutrition.md\/index.php?rest_route=%2Fwp%2Fv2%2Fmedia&parent=652"}],"wp:term":[{"taxonomy":"product_brand","embeddable":true,"href":"https:\/\/dynutrition.md\/index.php?rest_route=%2Fwp%2Fv2%2Fproduct_brand&post=652"},{"taxonomy":"product_cat","embeddable":true,"href":"https:\/\/dynutrition.md\/index.php?rest_route=%2Fwp%2Fv2%2Fproduct_cat&post=652"},{"taxonomy":"product_tag","embeddable":true,"href":"https:\/\/dynutrition.md\/index.php?rest_route=%2Fwp%2Fv2%2Fproduct_tag&post=652"}],"curies":[{"name":"wp","href":"https:\/\/api.w.org\/{rel}","templated":true}]}}