{"id":635,"date":"2026-01-10T14:27:34","date_gmt":"2026-01-10T14:27:34","guid":{"rendered":"https:\/\/dynutrition.md\/?post_type=product&#038;p=635"},"modified":"2026-01-30T16:24:51","modified_gmt":"2026-01-30T16:24:51","slug":"the-creatine-dy-nutrition-400g-40-de-serviri","status":"publish","type":"product","link":"https:\/\/dynutrition.md\/?product=the-creatine-dy-nutrition-400g-40-de-serviri","title":{"rendered":"The Creatine DY Nutrition 400g, 40 de serviri"},"content":{"rendered":"<p>The Creatine este o formul\u0103 puternic\u0103 cu creatin\u0103 monohidrat\u0103, beta-alanin\u0103, taurin\u0103 \u0219i un complex de vitamine B, special creat\u0103 pentru a sprijini persoanele active care practic\u0103 exerci\u021bii de mare intensitate. Studiile au demonstrat c\u0103 un minim de 3 g de creatin\u0103 pe zi poate cre\u0219te semnificativ performan\u021ba fizic\u0103 \u00een eforturi repetate de scurt\u0103 durat\u0103 \u0219i de mare intensitate, cum ar fi antrenamentele cu greut\u0103\u021bi \u0219i cardio pe intervale. Consumat\u0103 zilnic, aceast\u0103 formul\u0103 men\u021bine un flux constant de energie pentru mu\u0219chii activi, sporind capacitatea de a sus\u021bine eforturi maxime repetate. Indiferent dac\u0103 te antrenezi \u00een sala de for\u021b\u0103 sau practici sporturi precum rugby, hochei sau fotbal, The Creatine \u00ee\u021bi ofer\u0103 un avantaj competitiv, ajut\u00e2ndu-te s\u0103 ob\u021bii rezultate optime.<\/p>\n<p>\u00cembog\u0103\u021bit\u0103 cu doze echilibrate de beta-alanin\u0103 \u0219i taurin\u0103, formula The Creatine optimizeaz\u0103 contrac\u021biile musculare \u0219i sprijin\u0103 metabolismul celular, ajut\u00e2nd la combaterea oboselii \u00een timpul celor mai solicitante seturi de exerci\u021bii.<\/p>\n<p>Ingrediente<\/p>\n<p style=\"font-weight: 800;\">The Creatine<\/p>\n<p><strong style=\"font-weight: 600;\">The Creatine &#8211; Cire\u0219e<\/strong><\/p>\n<p>Creatin\u0103 Monohidrat, Beta-Alanin\u0103, Agent de volum (Maltodextrin\u0103), Acid (Acid Malic), Taurin\u0103, Arom\u0103, \u00cendulcitor (Sucraloz\u0103), Complex de vitamine B (Nicotinamid\u0103, D-Pantotenat de Calciu, Riboflavin\u0103, Piridoxin\u0103 Hidroclorid, Tiamin\u0103 Hidroclorid, PteroilMonoglutamic Acid, D-Biotin\u0103, Cianocobalamin\u0103), Colorant (Ponceau 4R**). **Ponceau 4R: Poate avea un efect advers asupra activit\u0103\u021bii \u0219i aten\u021biei la copii.<\/p>\n<p><strong style=\"font-weight: 600;\">The Creatine &#8211; C\u0103p\u0219uni<\/strong><\/p>\n<p>Creatine Monohydrate, Beta-Alanine, Bulking Agent (Maltodextrin), Acid (Malic Acid), Taurine, Flavouring, Sweetener (Sucralose), Vitamin B Complex (Nicotinamide, Calcium D-Pantothenate, Riboflavin, Pyridoxine Hydrochloride, Thiamine Hydrochloride, PteroylMonoglutamic Acid, D-Biotin, Cyanocobalamin), Colour (Ponceau 4R**). **Ponceau 4R: May have an adverse effect on activity and attention in children.<strong style=\"font-weight: 600;\"><br \/>\n<\/strong><\/p>\n<p><strong style=\"font-weight: 600;\">The Creatine &#8211; Piersici<\/strong><\/p>\n<p>Creatin\u0103 Monohidrat, Beta-Alanin\u0103, Agent de volum (Maltodextrin\u0103), Acid (Acid Malic), Taurin\u0103, Arom\u0103, \u00cendulcitor (Sucraloz\u0103), Complex de vitamine B (Nicotinamid\u0103, D-Pantotenat de Calciu, Riboflavin\u0103, Piridoxin\u0103 Hidroclorid, Tiamin\u0103 Hidroclorid, PteroilMonoglutamic Acid, D-Biotin\u0103, Cianocobalamin\u0103), Colorant (Caramel).<\/p>\n<p><strong style=\"font-weight: 600;\">Tabel Nutri\u021bional<\/strong><\/p>\n<table width=\"549\">\n<thead>\n<tr>\n<td width=\"127\"><b><strong>Con\u021binut<\/strong><\/b><\/td>\n<td width=\"99\"><b><strong>PER 100g<\/strong><\/b><\/td>\n<td width=\"306\"><b><strong>PER SERVIRE 10g<\/strong><\/b><\/td>\n<\/tr>\n<\/thead>\n<tbody>\n<tr>\n<td width=\"127\">Vitamina B1<\/td>\n<td width=\"99\">11,1mg<\/td>\n<td width=\"306\">1,1mg (100% NRV**)<\/td>\n<\/tr>\n<tr>\n<td width=\"127\">Vitamina B2<\/td>\n<td width=\"99\">14,0mg<\/td>\n<td width=\"306\">1,4mg (100% NRV**)<\/td>\n<\/tr>\n<tr>\n<td width=\"127\">Vitamina B3<\/td>\n<td width=\"99\">160mg<\/td>\n<td width=\"306\">16mg (100% NRV**)<\/td>\n<\/tr>\n<tr>\n<td width=\"127\">Vitamina B5<\/td>\n<td width=\"99\">60mg<\/td>\n<td width=\"306\">6mg (100% NRV**)<\/td>\n<\/tr>\n<tr>\n<td width=\"127\">Vitamina B6<\/td>\n<td width=\"99\">14mg<\/td>\n<td width=\"306\">1,4mg (100% NRV**)<\/td>\n<\/tr>\n<tr>\n<td width=\"127\">Vitamin B7<\/td>\n<td width=\"99\">0,5mg<\/td>\n<td width=\"306\">50\u00b5g (100% NRV**)<\/td>\n<\/tr>\n<tr>\n<td width=\"127\">Vitamin B9<\/td>\n<td width=\"99\">2mg<\/td>\n<td width=\"306\">200\u00b5g (100% NRV**)<\/td>\n<\/tr>\n<tr>\n<td width=\"127\">Vitamina B12<\/td>\n<td width=\"99\">25\u00b5g<\/td>\n<td width=\"306\">2,5\u00b5g (100% NRV**)<\/td>\n<\/tr>\n<tr>\n<td width=\"127\">Creatin\u0103 Monohidrat\u0103<\/td>\n<td width=\"99\">68,26g<\/td>\n<td width=\"306\">6826mg<\/td>\n<\/tr>\n<tr>\n<td width=\"127\">Din care Creatin\u0103<\/td>\n<td width=\"99\">60.00g<\/td>\n<td width=\"306\">6000mg<\/td>\n<\/tr>\n<tr>\n<td width=\"127\">Beta-Alanin\u0103<\/td>\n<td width=\"99\">10g<\/td>\n<td width=\"306\">1000mg<\/td>\n<\/tr>\n<tr>\n<td width=\"127\">Taurin\u0103<\/td>\n<td width=\"99\">5,00g<\/td>\n<td width=\"306\">500mg<\/td>\n<\/tr>\n<\/tbody>\n<\/table>\n<p>*NRV: Aportul de referin\u021b\u0103 pentru un adult mediu (8400 KJ \/ 2000 kcal).<\/p>\n<p>*N\/A: Raportul de referin\u021b\u0103 nu este stabilit.<\/p>\n","protected":false},"excerpt":{"rendered":"<ul>\n<li>Cre\u0219te nivelul de rezisten\u021b\u0103<\/li>\n<li>Reduce timpul de recuperare<\/li>\n<li>\u00cembun\u0103t\u0103\u021be\u0219te for\u021ba \u0219i nivelul de energie<\/li>\n<\/ul>\n<p><strong>INGREDIENTE CHEIE<\/strong><\/p>\n<p>Creatina ajut\u0103 la regenerarea adenozin trifosfatului (ATP), principala surs\u0103 de energie pentru contrac\u021biile musculare, facilit\u00e2nd transformarea adenozin difosfatului (ADP) \u00een ATP. Odat\u0103 absorbit\u0103 \u00een mu\u0219chi, creatina se transform\u0103 \u00een fosfocreatin\u0103, care elibereaz\u0103 energie \u00een timpul antrenamentelor intense, sporind astfel for\u021ba \u0219i puterea muscular\u0103.<\/p>\n<p>Beta-alanina este un aminoacid care cre\u0219te nivelul de carnozin\u0103 din mu\u0219chi, protej\u00e2nd \u021besutul muscular \u00eempotriva oxid\u0103rii \u0219i prelungind rezisten\u021ba \u00een timpul eforturilor intense. Aceasta reduce acumularea de acid lactic \u00een mu\u0219chi, am\u00e2n\u00e2nd oboseala \u0219i \u00eembun\u0103t\u0103\u021bind performan\u021bele la antrenamentele solicitante.<\/p>\n<p>Taurina contribuie la cre\u0219terea fluxului sanguin \u0219i ac\u021bioneaz\u0103 ca un puternic antioxidant, protej\u00e2nd masa muscular\u0103 \u00een timpul antrenamentelor de mare intensitate. De asemenea, sprijin\u0103 func\u021bia cardiovascular\u0103, \u00eembun\u0103t\u0103\u021be\u0219te recuperarea \u0219i poate ac\u021biona ca antiinflamator, contribuind la reducerea inflama\u021biilor musculare post-antrenament.<\/p>\n<p>D-Pantotenat de calciu \u00eembun\u0103t\u0103\u021be\u0219te metabolismul natural al corpului uman, acceler\u00e2nd procesarea \u0219i arderea carbohidra\u021bilor, proteinelor \u0219i acizilor gra\u0219i. Acest tip de vitamin\u0103 este, de asemenea, folosit \u00een sinteza diverselor substan\u021be precum colesterolul, lipidele \u0219i hemoglobina.<\/p>\n<p>Complexul de vitamine B joac\u0103 un rol esen\u021bial \u00een transformarea nutrien\u021bilor \u00een energie \u0219i sus\u021bine metabolismul \u00een timpul antrenamentelor intense. Vitaminele B1, B2, B3, B5, B6 \u0219i B12 contribuie la un metabolism optim, la s\u0103n\u0103tatea creierului, la regenerarea celulelor \u0219i la men\u021binerea masei musculare.<\/p>\n<p>Vitamina B1, cunoscut\u0103 \u0219i sub denumirea de tiamin\u0103, sus\u021bine producerea de energie din carbohidra\u021bi \u0219i gr\u0103simi, ajut\u00e2nd corpul s\u0103 dezvolte masa muscular\u0103 slab\u0103 \u0219i s\u0103 nu creeze rezerve de gr\u0103sime. Vitamina B1 ajut\u0103 la func\u021bionarea normal\u0103 a organelor, cum ar fi creierul \u0219i inima. Vitamina B1 sus\u021bine sistemul nervos prin transportarea energiei suplimentare c\u0103tre anumite p\u0103r\u021bi ale corpului care necesit\u0103 frecvent mai mult\u0103 energie, cum ar fi mu\u0219chii \u0219i creierul.<\/p>\n<p>Vitamina B2 ajut\u0103 la absorb\u021bia proteinelor, \u00eempiedic\u00e2nd eliminarea acestora din organism. Al\u0103turi de alte tipuri de vitamina B, vitamina B2 ajut\u0103 la crearea \u0219i conservarea energiei. Aceast\u0103 energie este creat\u0103 din gr\u0103simi \u0219i alte uleiuri. Ca urmare, masa muscular\u0103 nu este afectat\u0103 de catabolism, \u00eembun\u0103t\u0103\u021bind \u00een acela\u0219i timp sinteza proteinelor.<\/p>\n<p>Vitamina B3 sau niacina este o vitamin\u0103 care ajut\u0103 la transformarea \u0219i asimilarea alimentelor, nutrien\u021bilor \u0219i a altor aminoacizi \u00een energie pentru \u00eentregul organism. Acest impuls de energie v\u0103 poate ajuta s\u0103 v\u0103 \u00eempinge\u021bi limitele \u0219i chiar s\u0103 le dep\u0103\u0219i\u021bi \u00een timpul antrenamentelor. De asemenea, vitamina B3 ajut\u0103 la sc\u0103derea colesterolului, la stimularea func\u021biei creierului \u0219i a pielii \u0219i la \u00eembun\u0103t\u0103\u021birea mobilit\u0103\u021bii articula\u021biilor.<\/p>\n<p>Vitamina B5 sau acidul pantotenic este o vitamin\u0103 foarte important\u0103 pentru via\u021ba de zi cu zi. Poate crea noi celule sanguine, transform\u00e2nd \u00een acela\u0219i timp alimentele \u00een energie. Prin transformarea alimentelor \u00een energie, vitamina B5 \u00eempiedic\u0103 organismul s\u0103 stocheze substan\u021bele nutritive suplimentare sub form\u0103 de gr\u0103simi, \u00eembun\u0103t\u0103\u021bind metabolismul. Prin crearea de noi celule sanguine, ajut\u0103 fluxul de oxigen prin organism, sporind rezisten\u021ba fizic\u0103 general\u0103.<\/p>\n<p>Vitamina B6 este o vitamin\u0103 obligatorie pentru ca organismul uman s\u0103 func\u021bioneze corect, deoarece ajut\u0103 la procesarea zah\u0103rului, gr\u0103similor \u0219i proteinelor, ceea ce este foarte important pentru persoanele care doresc s\u0103 adauge mas\u0103 muscular\u0103 slab\u0103. De asemenea, Vitamina B6 este utilizat\u0103 de organism pentru a ajuta la dezvoltarea creierului, nervilor \u0219i a pielii.<\/p>\n<p>Vitamina B12 este v\u0103zut\u0103 ca o vitamin\u0103 esen\u021bial\u0103, deoarece ajut\u0103 la combaterea pierderii de memorie, la reducerea \u00eemb\u0103tr\u00e2nirii \u0219i ofer\u0103 un impuls de bun\u0103 dispozi\u021bie prin cre\u0219terea energiei, a concentra\u021biei \u0219i a func\u021biei mentale \u00een general. S-a demonstrat c\u0103 vitamina B12 ajut\u0103 sistemul imunitar prin sc\u0103derea riscului de artere \u00eenfundate.<\/p>\n<p><strong>RECOMAND\u0102RI<\/strong><\/p>\n<p>Supliment alimentar. F\u0103r\u0103 aspartam. Cu \u00eendulcitor. O formul\u0103 puternic\u0103 de creatin\u0103, beta-alanin\u0103, taurin\u0103 \u0219i complex de vitamine B. Produsul este destinat adul\u021bilor care practic\u0103 exerci\u021bii de mare intensitate.<\/p>\n<p><strong>Ingrediente:\u00a0<\/strong>Creatin\u0103 Monohidrat, Beta-Alanin\u0103, Agent de \u00eenc\u0103rcare (Maltodextrin\u0103), Acidifiant (Acid malic), Taurin\u0103, Arom\u0103, \u00cendulcitor (Sucraloz\u0103), Complex de vitamine B (Nicotinamid\u0103, D-Pantotenat de calciu, Riboflavin\u0103, Clorhidrat de piridoxin\u0103, Clorhidrat de tiamin\u0103, Acid pteroilmonoglutamic, D-Biotin\u0103, Cianocobalamin\u0103), Colorant (Ponceau 4R**).<br \/>\n**Ponceau 4R: Poate avea un efect advers asupra activit\u0103\u021bii \u0219i aten\u021biei la copii.<br \/>\nInforma\u021bii despre alergeni: Pentru alergeni, consulta\u021bi ingredientele scrise cu litere \u00eengro\u0219ate. Produs fabricat \u00eentr-o unitate care utilizeaz\u0103 lapte, soia, ou\u0103 \u0219i nuci.<\/p>\n<p><strong>Instruc\u021biuni de utilizare:<\/strong>\u00a0Amesteca\u021bi 1 m\u0103sur\u0103 de pulbere (10 g) cu 250 ml de ap\u0103 rece \u0219i consuma\u021bi cu 30 de minute \u00eenainte de a \u00eencepe activitatea fizic\u0103.<\/p>\n<p><strong>Aten\u021bion\u0103ri:<\/strong>\u00a0Suplimentele alimentare nu \u00eenlocuiesc o diet\u0103 echilibrat\u0103 \u0219i un stil de via\u021b\u0103 s\u0103n\u0103tos. Nu dep\u0103\u0219i\u021bi doza zilnic\u0103 recomandat\u0103! Nu utiliza\u021bi dac\u0103 sunte\u021bi alergic la oricare dintre compu\u0219ii suplimentului. Consulta\u021bi medicul \u00eenainte de utilizare. Nu se recomand\u0103 utilizarea de c\u0103tre persoanele care urmeaz\u0103 un tratament medicamentos.<br \/>\nNerecomandat copiilor, femeilor \u00eens\u0103rcinate sau celor care al\u0103pteaz\u0103. \u00cen anumite cazuri, Beta-alanina poate provoca o senza\u021bie inofensiv\u0103 \u0219i temporar\u0103 de furnic\u0103turi la nivelul pielii. Recipientul con\u021bine 1 plic de silica gel pentru absorb\u021bia umidit\u0103\u021bii. A nu se consuma \u0219i a nu se arunca p\u00e2n\u0103 la epuizarea \u00eentregului con\u021binut.<\/p>\n<p><strong>Condi\u021bii de depozitare:<\/strong>\u00a0A nu se l\u0103sa la \u00eendem\u00e2na copiilor. P\u0103stra\u021bi flaconul bine \u00eenchis la temperaturi cuprinse \u00eentre 5-30\u00b0C (41-86\u00b0F). A se p\u0103stra departe de c\u0103ldur\u0103 direct\u0103, umiditate \u0219i lumina soarelui. Dup\u0103 deschidere, nu p\u0103stra\u021bi produsul mai mult de 6 luni.<\/p>\n","protected":false},"featured_media":636,"comment_status":"open","ping_status":"closed","template":"","meta":[],"product_brand":[],"product_cat":[26,36,22,20],"product_tag":[],"class_list":{"0":"post-635","1":"product","2":"type-product","3":"status-publish","4":"has-post-thumbnail","6":"product_cat-creatina","7":"product_cat-masa-musculara","8":"product_cat-obiectiv","9":"product_cat-suplimente","11":"first","12":"instock","13":"shipping-taxable","14":"purchasable","15":"product-type-simple"},"_links":{"self":[{"href":"https:\/\/dynutrition.md\/index.php?rest_route=\/wp\/v2\/product\/635","targetHints":{"allow":["GET"]}}],"collection":[{"href":"https:\/\/dynutrition.md\/index.php?rest_route=\/wp\/v2\/product"}],"about":[{"href":"https:\/\/dynutrition.md\/index.php?rest_route=\/wp\/v2\/types\/product"}],"replies":[{"embeddable":true,"href":"https:\/\/dynutrition.md\/index.php?rest_route=%2Fwp%2Fv2%2Fcomments&post=635"}],"version-history":[{"count":2,"href":"https:\/\/dynutrition.md\/index.php?rest_route=\/wp\/v2\/product\/635\/revisions"}],"predecessor-version":[{"id":945,"href":"https:\/\/dynutrition.md\/index.php?rest_route=\/wp\/v2\/product\/635\/revisions\/945"}],"wp:featuredmedia":[{"embeddable":true,"href":"https:\/\/dynutrition.md\/index.php?rest_route=\/wp\/v2\/media\/636"}],"wp:attachment":[{"href":"https:\/\/dynutrition.md\/index.php?rest_route=%2Fwp%2Fv2%2Fmedia&parent=635"}],"wp:term":[{"taxonomy":"product_brand","embeddable":true,"href":"https:\/\/dynutrition.md\/index.php?rest_route=%2Fwp%2Fv2%2Fproduct_brand&post=635"},{"taxonomy":"product_cat","embeddable":true,"href":"https:\/\/dynutrition.md\/index.php?rest_route=%2Fwp%2Fv2%2Fproduct_cat&post=635"},{"taxonomy":"product_tag","embeddable":true,"href":"https:\/\/dynutrition.md\/index.php?rest_route=%2Fwp%2Fv2%2Fproduct_tag&post=635"}],"curies":[{"name":"wp","href":"https:\/\/api.w.org\/{rel}","templated":true}]}}