{"id":151,"date":"2025-12-15T15:04:32","date_gmt":"2025-12-15T15:04:32","guid":{"rendered":"https:\/\/dynutrition.md\/?post_type=product&#038;p=151"},"modified":"2026-02-17T13:01:39","modified_gmt":"2026-02-17T13:01:39","slug":"proteina-izolata-shadowhey-2kg-66-de-serviri","status":"publish","type":"product","link":"https:\/\/dynutrition.md\/?product=proteina-izolata-shadowhey-2kg-66-de-serviri","title":{"rendered":"Protein\u0103 Izolat\u0103 Shadowhey, 2kg, 66 de serviri"},"content":{"rendered":"<p><strong>Beneficii cheie<\/strong><\/p>\n<ul>\n<li>Izolatul proteic din zer este o surs\u0103 de proteine de \u00eenalt\u0103 calitate, care contribuie la cre\u0219terea \u0219i men\u021binerea masei musculare. De asemenea, proteinele din zer au o absorb\u021bie rapid\u0103, fiind ideale pentru refacerea mu\u0219chilor dup\u0103 antrenamente.<\/li>\n<li>Proteina hidrolizat\u0103 este pre-digerat\u0103, ceea ce permite o absorb\u021bie mai rapid\u0103 \u0219i un suport mai eficient pentru sinteza proteinelor musculare. Ideal\u0103 pentru recuperarea post-antrenament.<\/li>\n<li>Concentratul de proteine din zer filtrat prin flux transversal \u0219i ultra filtrare este un tip de protein\u0103 ofer\u0103 un profil excelent de aminoacizi, sus\u021bin\u00e2nd energia, recuperarea \u0219i construirea masei musculare, \u00een timp ce p\u0103streaz\u0103 nutrien\u021bii naturali din zer. Este, de asemenea, o surs\u0103 de proteine de calitate, cu o absorb\u021bie treptat\u0103.<\/li>\n<\/ul>\n<p><strong>Recomand\u0103ri<\/strong><\/p>\n<p><strong>Informa\u021bii despre alergeni:<\/strong>\u00a0Pentru alergeni, vezi ingredientele eviden\u021biate cu bold. Produs \u00eentr-o unitate care proceseaz\u0103 lapte, soia, ou\u0103 \u0219i nuci.<br \/>\n<strong><br \/>\nMod de utilizare:<\/strong>\u00a0Amesteca\u021bi 1 por\u021bie (30 g) cu 250 ml ap\u0103 sau lapte degresat. Consuma\u021bi 1 por\u021bie pe zi:<\/p>\n<p><strong>\u00cen zilele de antrenament:<\/strong>\u00a0lua\u021bi o por\u021bie la 30 de minute dup\u0103 antrenament.<br \/>\n\u00cen zilele f\u0103r\u0103 antrenament: consuma\u021bi o por\u021bie diminea\u021ba, imediat dup\u0103 trezire.<br \/>\nAten\u021bion\u0103ri: Suplimentele alimentare nu \u00eenlocuiesc o diet\u0103 echilibrat\u0103 \u0219i un stil de via\u021b\u0103 s\u0103n\u0103tos. Nu dep\u0103\u0219i\u021bi doza zilnic\u0103 recomandat\u0103.<br \/>\nNu utiliza\u021bi produsul dac\u0103 sunte\u021bi alergic la oricare dintre ingredientele sale. Nu este recomandat femeilor \u00eens\u0103rcinate sau care al\u0103pteaz\u0103.<\/p>\n<p><strong>Condi\u021bii de depozitare:<\/strong>\u00a0A nu se l\u0103sa la \u00eendem\u00e2na copiilor.P\u0103stra\u021bi recipientul bine \u00eenchis, la temperaturi \u00eentre 5-30\u00b0C (41-86\u00b0F), ferit de c\u0103ldur\u0103 direct\u0103, umiditate \u0219i razele soarelui. Dup\u0103 deschidere, nu p\u0103stra\u021bi produsul mai mult de 6 luni.<\/p>\n","protected":false},"excerpt":{"rendered":"<ul>\n<li>Sus\u021bine cre\u0219terea masei musculare \u0219i \u00eembun\u0103t\u0103\u021birea for\u021bei<\/li>\n<li>Accelereaz\u0103 recuperarea dup\u0103 antrenament<\/li>\n<li>Absorb\u021bie \u00eembun\u0103t\u0103\u021bit\u0103 pentru rezultate mai eficiente<\/li>\n<\/ul>\n<p>Shadowhey Isolate din gama DY Nutrition este un supliment proteic premium, ideal pentru cei care doresc s\u0103 sprijine cre\u0219terea masei musculare \u0219i recuperarea rapid\u0103. Fiecare por\u021bie furnizeaz\u0103 p\u00e2n\u0103 la 26 g de proteine \u0219i p\u00e2n\u0103 la 5,8 g de BCAA, esen\u021biale pentru refacerea muscular\u0103 dup\u0103 antrenamente intense. Procesat la rece pentru o biodisponibilitate maxim\u0103, acest izolat proteic p\u0103streaz\u0103 intact profilul de aminoacizi, oferind o absorb\u021bie eficient\u0103 \u0219i rapid\u0103. Fiind f\u0103r\u0103 lactoz\u0103, este potrivit \u0219i pentru persoanele cu sensibilitate la acest ingredient. Shadowhey Isolate este u\u0219or de integrat \u00een rutina zilnic\u0103. Poate fi consumat dup\u0103 antrenament, diminea\u021ba sau \u00eentre mese, oferind o surs\u0103 rapid\u0103 \u0219i eficient\u0103 de proteine. Datorit\u0103 con\u021binutului ridicat de aminoacizi \u0219i absorb\u021biei rapide, acest supliment optimizeaz\u0103 sinteza proteinelor, contribuind la cre\u0219terea masei musculare \u0219i accelerarea recuper\u0103rii.<\/p>\n<div class=\"modal-header flex items-center\">\n<div class=\"h5\">Shadowhey Isolate<\/div>\n<p>&nbsp;<\/p>\n<\/div>\n<div class=\"modal-body overflow-y-auto\">\n<div class=\"prose \">\n<p><strong>Shadowhey Isolate &#8211; Ciocolat\u0103<\/strong><br \/>\nMatrix de proteine [Izolat de protein\u0103 din zer, Izolat de protein\u0103 din zer hidrolizat, Concentrat de protein\u0103 din zer ultrafiltrat \u0219i prin flux transvers (ca agent de \u00eengro\u0219are natural)], Pudr\u0103 de cacao degresat\u0103 (9%), Arome, \u00cendulcitori (Sucraloz\u0103, Acesulfam-K), Cristale de vanilie.<\/p>\n<p><strong>Shadowhey Isolate &#8211; C\u0103p\u0219uni<\/strong><br \/>\nMatrix de proteine [Izolat de protein\u0103 din zer, Izolat de protein\u0103 din zer hidrolizat, Concentrat de protein\u0103 din zer ultrafiltrat \u0219i prin flux transvers (ca agent de \u00eengro\u0219are natural)], Piese liofilizate de c\u0103p\u0219uni (2%), Arome, Acid (Acid citric), \u00cendulcitori (Sucraloz\u0103, Acesulfam-K).<\/p>\n<p><strong>Shadowhey Isolate &#8211; Vanilie<\/strong><br \/>\nMatrix de proteine [Izolat de protein\u0103 din zer, Izolat de protein\u0103 din zer hidrolizat, Concentrat de protein\u0103 din zer ultrafiltrat \u0219i prin flux transvers (ca agent de \u00eengro\u0219are natural)], Arome, \u00cendulcitori (Sucraloz\u0103, Acesulfam-K), Colorant (Beta caroten), Cristale de vanilie.<\/p>\n<p><strong>Shadowhey Isolate &#8211; Vanilie cu caramel<\/strong><br \/>\nMatrix de proteine [Izolat de protein\u0103 din zer, Izolat de protein\u0103 din zer hidrolizat, Concentrat de protein\u0103 din zer ultrafiltrat \u0219i prin flux transvers (ca agent de \u00eengro\u0219are natural)], Arome, \u00cendulcitori (Sucraloz\u0103, Acesulfam-K), Colorant (Caramel), Cristale de vanilie.<\/p>\n<p><strong>Shadowhey Isolate &#8211; Biscui\u021bi cu crem\u0103<\/strong><br \/>\nMatrix de proteine [Izolat de protein\u0103 din zer, Izolat de protein\u0103 din zer hidrolizat, Concentrat de protein\u0103 din zer ultrafiltrat \u0219i prin flux transvers (ca agent de \u00eengro\u0219are natural)], Arome, Colorant (Caramel), \u00cendulcitori (Sucraloz\u0103, Acesulfam-K), Cristale de vanilie.<\/p>\n<p><strong>Shadowhey Isolate &#8211; Fistic<\/strong><br \/>\nMatrix de proteine [Izolat de protein\u0103 din zer, Izolat de protein\u0103 din zer hidrolizat, Concentrat de protein\u0103 din zer ultrafiltrat \u0219i prin flux transvers (ca agent de \u00eengro\u0219are natural)], Arome, \u00cendulcitori (Sucraloz\u0103, Acesulfam-K), Coloran\u021bi (Tartrazin\u0103**, Carmine Indigo), Cristale de vanilie.<br \/>\n**Tartrazin\u0103: Poate avea un efect advers asupra activit\u0103\u021bii \u0219i aten\u021biei copiilor.<\/p>\n<p><strong>Shadowhey Isolate &#8211; C\u0103p\u0219uni cu banane<\/strong><br \/>\nMatrix de proteine [Izolat de protein\u0103 din zer, Izolat de protein\u0103 din zer hidrolizat, Concentrat de protein\u0103 din zer ultrafiltrat \u0219i prin flux transvers (ca agent de \u00eengro\u0219are natural)], Arome, Acid (Acid citric), \u00cendulcitori (Sucraloz\u0103, Acesulfam-K), Cristale de vanilie, Colorant (Ponceau 4R**).<br \/>\n**Ponceau 4R: Poate avea un efect advers asupra activit\u0103\u021bii \u0219i aten\u021biei copiilor.<\/p>\n<table width=\"373\">\n<thead>\n<tr>\n<td><strong>Profil tipic de aminoacizi<\/strong><\/td>\n<td><strong>PER 100g<\/strong><\/td>\n<\/tr>\n<\/thead>\n<tbody>\n<tr>\n<td>L-Isoleucin\u0103 (BCAA)<\/td>\n<td>6901mg<\/td>\n<\/tr>\n<tr>\n<td>L-Leucin\u0103<\/td>\n<td>11038mg<\/td>\n<\/tr>\n<tr>\n<td>L-Valin\u0103 (BCAA)<\/td>\n<td>6721mg<\/td>\n<\/tr>\n<tr>\n<td>L-Lizin\u0103<\/td>\n<td>8101mg<\/td>\n<\/tr>\n<tr>\n<td>L-Metionin\u0103<\/td>\n<td>1957mg<\/td>\n<\/tr>\n<tr>\n<td>L-Fenilalanin\u0103<\/td>\n<td>3581mg<\/td>\n<\/tr>\n<tr>\n<td>L-Histidin\u0103<\/td>\n<td>1669mg<\/td>\n<\/tr>\n<tr>\n<td>L-Treonin\u0103<\/td>\n<td>5947mg<\/td>\n<\/tr>\n<tr>\n<td>L-Triptofan<\/td>\n<td>921mg<\/td>\n<\/tr>\n<tr>\n<td>Aminoacizi nonesen\u021biali<\/td>\n<td><\/td>\n<\/tr>\n<tr>\n<td>L-Alanin\u0103<\/td>\n<td>4848mg<\/td>\n<\/tr>\n<tr>\n<td>L-Arginin\u0103<\/td>\n<td>3292mg<\/td>\n<\/tr>\n<tr>\n<td>L-Acid Aspartic<\/td>\n<td>10865mg<\/td>\n<\/tr>\n<tr>\n<td>L-Cistein\u0103<\/td>\n<td>2579mg<\/td>\n<\/tr>\n<tr>\n<td>L-Acid Glutamic<\/td>\n<td>17018mg<\/td>\n<\/tr>\n<tr>\n<td>Glicin\u0103<\/td>\n<td>2185mg<\/td>\n<\/tr>\n<tr>\n<td>L-Prolin\u0103<\/td>\n<td>5485mg<\/td>\n<\/tr>\n<tr>\n<td>L-Serin\u0103<\/td>\n<td>4006mg<\/td>\n<\/tr>\n<tr>\n<td>L-Tirozin\u0103<\/td>\n<td>2886mg<\/td>\n<\/tr>\n<\/tbody>\n<\/table>\n<p>*NRV: Aportul de referin\u021b\u0103 pentru un adult mediu (8400 KJ \/ 2000 kcal).<\/p>\n<p>*N\/A: Raportul de referin\u021b\u0103 nu este stabilit.<\/p>\n<\/div>\n<\/div>\n","protected":false},"featured_media":152,"comment_status":"open","ping_status":"closed","template":"","meta":[],"product_brand":[],"product_cat":[22,23,38,20],"product_tag":[],"class_list":{"0":"post-151","1":"product","2":"type-product","3":"status-publish","4":"has-post-thumbnail","6":"product_cat-obiectiv","7":"product_cat-proteine","8":"product_cat-scadere-in-greutate","9":"product_cat-suplimente","11":"first","12":"instock","13":"shipping-taxable","14":"purchasable","15":"product-type-simple"},"_links":{"self":[{"href":"https:\/\/dynutrition.md\/index.php?rest_route=\/wp\/v2\/product\/151","targetHints":{"allow":["GET"]}}],"collection":[{"href":"https:\/\/dynutrition.md\/index.php?rest_route=\/wp\/v2\/product"}],"about":[{"href":"https:\/\/dynutrition.md\/index.php?rest_route=\/wp\/v2\/types\/product"}],"replies":[{"embeddable":true,"href":"https:\/\/dynutrition.md\/index.php?rest_route=%2Fwp%2Fv2%2Fcomments&post=151"}],"version-history":[{"count":1,"href":"https:\/\/dynutrition.md\/index.php?rest_route=\/wp\/v2\/product\/151\/revisions"}],"predecessor-version":[{"id":957,"href":"https:\/\/dynutrition.md\/index.php?rest_route=\/wp\/v2\/product\/151\/revisions\/957"}],"wp:featuredmedia":[{"embeddable":true,"href":"https:\/\/dynutrition.md\/index.php?rest_route=\/wp\/v2\/media\/152"}],"wp:attachment":[{"href":"https:\/\/dynutrition.md\/index.php?rest_route=%2Fwp%2Fv2%2Fmedia&parent=151"}],"wp:term":[{"taxonomy":"product_brand","embeddable":true,"href":"https:\/\/dynutrition.md\/index.php?rest_route=%2Fwp%2Fv2%2Fproduct_brand&post=151"},{"taxonomy":"product_cat","embeddable":true,"href":"https:\/\/dynutrition.md\/index.php?rest_route=%2Fwp%2Fv2%2Fproduct_cat&post=151"},{"taxonomy":"product_tag","embeddable":true,"href":"https:\/\/dynutrition.md\/index.php?rest_route=%2Fwp%2Fv2%2Fproduct_tag&post=151"}],"curies":[{"name":"wp","href":"https:\/\/api.w.org\/{rel}","templated":true}]}}